{"id":595,"date":"2026-02-28T14:58:02","date_gmt":"2026-02-28T13:58:02","guid":{"rendered":"https:\/\/www.bcf-groupe.fr\/sfscmfco2026\/?page_id=595"},"modified":"2026-03-16T09:52:16","modified_gmt":"2026-03-16T08:52:16","slug":"abstracts-posters","status":"publish","type":"page","link":"https:\/\/www.bcf-groupe.fr\/sfscmfco2026\/abstracts-posters\/","title":{"rendered":"Abstracts &amp; Posters"},"content":{"rendered":"\n<div class=\"wp-block-group alignwide has-global-padding is-layout-constrained wp-block-group-is-layout-constrained\"><h2 style=\"text-align:left;margin:35px 0 25px!important\">Posters class\u00e9s par th\u00e8me<\/h2><a class=\"button\" href=\"https:\/\/www.bcf-groupe.fr\/sfscmfco2026\/abstracts-posters?id_theme=16\" style=\"display:inline-block;margin:5px 0;max-width:100%\">Apn\u00e9es du sommeil<\/a><br><a class=\"button\" href=\"https:\/\/www.bcf-groupe.fr\/sfscmfco2026\/abstracts-posters?id_theme=18\" style=\"display:inline-block;margin:5px 0;max-width:100%\">Aspects m\u00e9dico-l\u00e9gaux - Chirurgie ambulatoire - Gestion des risques<\/a><br><a class=\"button\" href=\"https:\/\/www.bcf-groupe.fr\/sfscmfco2026\/abstracts-posters?id_theme=1\" style=\"display:inline-block;margin:5px 0;max-width:100%\">Bases fondamentales - Nouvelles technologies - Recherche<\/a><br><a class=\"button\" href=\"https:\/\/www.bcf-groupe.fr\/sfscmfco2026\/abstracts-posters?id_theme=8\" style=\"display:inline-block;margin:5px 0;max-width:100%\">Chirurgie cutan\u00e9e<\/a><br><a class=\"button\" href=\"https:\/\/www.bcf-groupe.fr\/sfscmfco2026\/abstracts-posters?id_theme=14\" style=\"display:inline-block;margin:5px 0;max-width:100%\">Chirurgie humanitaire<\/a><br><a class=\"button\" href=\"https:\/\/www.bcf-groupe.fr\/sfscmfco2026\/abstracts-posters?id_theme=19\" style=\"display:inline-block;margin:5px 0;max-width:100%\">Chirurgie orbito-palp\u00e9brale<\/a><br><a class=\"button\" href=\"https:\/\/www.bcf-groupe.fr\/sfscmfco2026\/abstracts-posters?id_theme=9\" style=\"display:inline-block;margin:5px 0;max-width:100%\">Chirurgie orthognathique - orthop\u00e9die dents-maxillo-faciale<\/a><br><a class=\"button\" href=\"https:\/\/www.bcf-groupe.fr\/sfscmfco2026\/abstracts-posters?id_theme=11\" style=\"display:inline-block;margin:5px 0;max-width:100%\">Chirurgie reconstructrice cr\u00e2nio-maxillo-faciale<\/a><br><a class=\"button\" href=\"https:\/\/www.bcf-groupe.fr\/sfscmfco2026\/abstracts-posters?id_theme=4\" style=\"display:inline-block;margin:5px 0;max-width:100%\">Glandes salivaires<\/a><br><a class=\"button\" href=\"https:\/\/www.bcf-groupe.fr\/sfscmfco2026\/abstracts-posters?id_theme=7\" style=\"display:inline-block;margin:5px 0;max-width:100%\">Implantologie - Chirurgies pr\u00e9-proth\u00e9tique et pr\u00e9-implantaire<\/a><br><a class=\"button\" href=\"https:\/\/www.bcf-groupe.fr\/sfscmfco2026\/abstracts-posters?id_theme=12\" style=\"display:inline-block;margin:5px 0;max-width:100%\">Malformations cr\u00e2nio-maxillo-faciales<\/a><br><a class=\"button\" href=\"https:\/\/www.bcf-groupe.fr\/sfscmfco2026\/abstracts-posters?id_theme=13\" style=\"display:inline-block;margin:5px 0;max-width:100%\">M\u00e9decine et Chirurgie esth\u00e9tiques de la face et du cou<\/a><br><a class=\"button\" href=\"https:\/\/www.bcf-groupe.fr\/sfscmfco2026\/abstracts-posters?id_theme=15\" style=\"display:inline-block;margin:5px 0;max-width:100%\">Odontologie - Proth\u00e8ses dentaires et maxillo-faciales<\/a><br><a class=\"button\" href=\"https:\/\/www.bcf-groupe.fr\/sfscmfco2026\/abstracts-posters?id_theme=10\" style=\"display:inline-block;margin:5px 0;max-width:100%\">Pathologie et chirurgie de l'ATM<\/a><br><a class=\"button\" href=\"https:\/\/www.bcf-groupe.fr\/sfscmfco2026\/abstracts-posters?id_theme=2\" style=\"display:inline-block;margin:5px 0;max-width:100%\">Pathologie m\u00e9dicale - Dermatologie buccale - Stomatologie - Chirurgie orale<\/a><br><a class=\"button\" href=\"https:\/\/www.bcf-groupe.fr\/sfscmfco2026\/abstracts-posters?id_theme=5\" style=\"display:inline-block;margin:5px 0;max-width:100%\">Pathologie tumorale maligne<\/a><br><a class=\"button\" href=\"https:\/\/www.bcf-groupe.fr\/sfscmfco2026\/abstracts-posters?id_theme=6\" style=\"display:inline-block;margin:5px 0;max-width:100%\">Traumatologie cranio-maxillo-faciale - Chirurgie de catastrophe et de guerre<\/a><br><a class=\"button\" href=\"https:\/\/www.bcf-groupe.fr\/sfscmfco2026\/abstracts-posters?id_theme=3\" style=\"display:inline-block;margin:5px 0;max-width:100%\">Tumeurs b\u00e9nignes et pathologies osseuses des m\u00e2choires<\/a><br><a class=\"button\" href=\"https:\/\/www.bcf-groupe.fr\/sfscmfco2026\/abstracts-posters?id_theme=17\" style=\"display:inline-block;margin:5px 0;max-width:100%\">Vie professionnelle - Relations avec les organismes institutionnels<\/a><br>\n\n\n\n<div style=\"height:50px\" aria-hidden=\"true\" class=\"wp-block-spacer\"><\/div>\n\n\n<h2 style=\"text-align:left;margin:35px 0 25px!important\">Recherche<\/h2><form  method=\"get\" action=\"\" style=\"max-width:100%\">\n    <input type=\"text\" name=\"search_title\" class=\"form-style\" placeholder=\"Rechercher par mot-cl\u00e9, num\u00e9ro de poster ou auteur...\" style=\"max-width:80%\" \/>\n    <br><button type=\"submit\">Rechercher<\/button>\n<\/form>\n<\/div>\n\n\n\n<p><\/p>\n","protected":false},"excerpt":{"rendered":"","protected":false},"author":1,"featured_media":0,"parent":0,"menu_order":0,"comment_status":"closed","ping_status":"closed","template":"","meta":{"footnotes":""},"class_list":["post-595","page","type-page","status-publish","hentry"],"_links":{"self":[{"href":"https:\/\/www.bcf-groupe.fr\/sfscmfco2026\/wp-json\/wp\/v2\/pages\/595","targetHints":{"allow":["GET"]}}],"collection":[{"href":"https:\/\/www.bcf-groupe.fr\/sfscmfco2026\/wp-json\/wp\/v2\/pages"}],"about":[{"href":"https:\/\/www.bcf-groupe.fr\/sfscmfco2026\/wp-json\/wp\/v2\/types\/page"}],"author":[{"embeddable":true,"href":"https:\/\/www.bcf-groupe.fr\/sfscmfco2026\/wp-json\/wp\/v2\/users\/1"}],"replies":[{"embeddable":true,"href":"https:\/\/www.bcf-groupe.fr\/sfscmfco2026\/wp-json\/wp\/v2\/comments?post=595"}],"version-history":[{"count":4,"href":"https:\/\/www.bcf-groupe.fr\/sfscmfco2026\/wp-json\/wp\/v2\/pages\/595\/revisions"}],"predecessor-version":[{"id":623,"href":"https:\/\/www.bcf-groupe.fr\/sfscmfco2026\/wp-json\/wp\/v2\/pages\/595\/revisions\/623"}],"wp:attachment":[{"href":"https:\/\/www.bcf-groupe.fr\/sfscmfco2026\/wp-json\/wp\/v2\/media?parent=595"}],"curies":[{"name":"wp","href":"https:\/\/api.w.org\/{rel}","templated":true}]}}