{"id":35,"date":"2025-06-16T14:39:46","date_gmt":"2025-06-16T12:39:46","guid":{"rendered":"https:\/\/www.bcf-groupe.fr\/sfscmfco2026\/?page_id=35"},"modified":"2025-09-05T15:43:40","modified_gmt":"2025-09-05T13:43:40","slug":"abstracts","status":"publish","type":"page","link":"https:\/\/www.bcf-groupe.fr\/sfscmfco2026\/abstracts\/","title":{"rendered":"Soumettre un abstract"},"content":{"rendered":"\n<h2 class=\"wp-block-heading has-text-align-center has-text-color has-link-color wp-elements-53ac5a879ff433b41acd22127d8da335\" style=\"color:#1b8cae;margin-top:var(--wp--preset--spacing--50);margin-bottom:var(--wp--preset--spacing--50)\">Soumission Abstract<\/h2>\n\n\n\n<div class=\"wp-block-group alignwide has-accent-5-background-color has-background has-global-padding is-layout-constrained wp-container-core-group-is-layout-f611be13 wp-block-group-is-layout-constrained\" id=\"bcf_auth_gate\" style=\"padding-top:var(--wp--preset--spacing--50);padding-right:var(--wp--preset--spacing--50);padding-bottom:var(--wp--preset--spacing--50);padding-left:var(--wp--preset--spacing--50)\">    \n        <p class=\"has-text-align-center\">Veuillez vous connecter ou cr\u00e9er un compte pour soumettre un abstract. Votre compte vous permettra \u00e0 la fois de soumettre vos abstracts et de vous inscrire au congr\u00e8s. Conservez bien vos identifiants.<br><br><\/p>\n        \n\n\n\n<div class=\"wp-block-columns alignwide is-layout-flex wp-block-columns-is-layout-flex\">\n\n<div class=\"wp-block-column is-layout-flow wp-block-column-is-layout-flow\">\n<h3>J'ai d\u00e9j\u00e0 un compte. Je me connecte :<\/h3>\n        <div id=\"bcf-login-form\">\n            \n\n\n\n<form id=\"loginform\" method=\"post\"><p class=\"login-username\">\n\t\t\t\t<label for=\"user_login\">Identifiant ou adresse e-mail<\/label>\n\t\t\t\t<input type=\"text\" name=\"log\" id=\"user_login\" autocomplete=\"username\" class=\"input\" value=\"\" size=\"20\">\n\t\t\t<\/p><p class=\"login-password\">\n\t\t\t\t<label for=\"user_pass\">Mot de passe<\/label>\n\t\t\t\t<input type=\"password\" name=\"pwd\" id=\"user_pass\" autocomplete=\"current-password\" spellcheck=\"false\" class=\"input\" value=\"\" size=\"20\">\n\t\t\t<\/p><p class=\"login-remember\"><label><input name=\"rememberme\" type=\"checkbox\" id=\"rememberme\" value=\"forever\"> Se souvenir de moi<\/label><\/p><p class=\"login-submit\">\n\t\t\t\t<input type=\"submit\" name=\"login_moncompte\" id=\"login_moncompte\" class=\"button button-primary\" value=\"Se connecter\">\n\t\t\t\t<input type=\"hidden\" name=\"redirect_to\" value=\"https:\/\/www.bcf-groupe.fr\/sfscmfco2026\/mon-compte\/\">\n\t\t\t<\/p>\n<input type=\"hidden\" id=\"login_moncompte_nonce\" name=\"login_moncompte_nonce\" value=\"87d3f3bf78\" \/><input type=\"hidden\" name=\"_wp_http_referer\" value=\"\/sfscmfco2026\/wp-json\/wp\/v2\/pages\/35\" \/><\/form>\n\n\n\n\n\n\n<p style=\"margin-top: 10px;\">\n    <a href=\"https:\/\/www.bcf-groupe.fr\/sfscmfco2026\/mot-de-passe-oublie\/\">Mot de passe oubli\u00e9 ?<\/a>\n<\/p>\n        <\/div>\n<\/div>\n\n<div class=\"wp-block-column is-layout-flow wp-block-column-is-layout-flow\">\n<h3>Premi\u00e8re visite ? Je cr\u00e9e mon compte :<\/h3>\n        <div id=\"bcf-register-form\">\n            <form method=\"post\">\n                <p><label for=\"bcf_email\">Email<\/label><input type=\"email\" name=\"bcf_email\" id=\"bcf_email\" required><\/p>\n<p><label for=\"bcf_nom\">Nom<\/label><input type=\"text\" name=\"bcf_nom\" id=\"bcf_nom\" required><\/p>\n<p><label for=\"bcf_prenom\">Pr\u00e9nom<\/label><input type=\"text\" name=\"bcf_prenom\" id=\"bcf_prenom\" required><\/p>\n                <p><label for=\"bcf_password\">Je choisis un mot de passe<\/label><input type=\"password\" name=\"bcf_password\" id=\"bcf_password\" required><small>Le mot de passe doit contenir au minimum 8 caract\u00e8res, dont au moins une majuscule, une minuscule et un chiffre.<\/small><\/p>\n                <input type=\"hidden\" id=\"bcf_register_nonce\" name=\"bcf_register_nonce\" value=\"d08a131891\" \/><input type=\"hidden\" name=\"_wp_http_referer\" value=\"\/sfscmfco2026\/wp-json\/wp\/v2\/pages\/35\" \/><input type=\"hidden\" name=\"bcf_register_page\" value=\"abstract\" \/>\n                <p><button type=\"submit\" name=\"bcf_register_submit\">Cr\u00e9er mon compte<\/button><\/p>\n            <\/form>\n        <\/div>\n<\/div>\n<\/div>\n\n   \n\n   \n    \n<\/div>\n\n\n\n<div class=\"wp-block-group alignwide has-accent-5-background-color has-background has-global-padding is-layout-constrained wp-container-core-group-is-layout-f611be13 wp-block-group-is-layout-constrained\" id=\"abstract_form\" style=\"padding-top:var(--wp--preset--spacing--50);padding-right:var(--wp--preset--spacing--50);padding-bottom:var(--wp--preset--spacing--50);padding-left:var(--wp--preset--spacing--50)\">\n<\/div>\n\n\n\n<div class=\"wp-block-columns is-layout-flex wp-container-core-columns-is-layout-28f84493 wp-block-columns-is-layout-flex\">\n<div class=\"wp-block-column is-layout-flow wp-block-column-is-layout-flow\"><\/div>\n\n\n\n<div class=\"wp-block-column is-layout-flow wp-block-column-is-layout-flow\"><\/div>\n<\/div>\n","protected":false},"excerpt":{"rendered":"<p>Soumission Abstract<\/p>\n","protected":false},"author":1,"featured_media":0,"parent":0,"menu_order":0,"comment_status":"closed","ping_status":"closed","template":"","meta":{"footnotes":""},"class_list":["post-35","page","type-page","status-publish","hentry"],"_links":{"self":[{"href":"https:\/\/www.bcf-groupe.fr\/sfscmfco2026\/wp-json\/wp\/v2\/pages\/35","targetHints":{"allow":["GET"]}}],"collection":[{"href":"https:\/\/www.bcf-groupe.fr\/sfscmfco2026\/wp-json\/wp\/v2\/pages"}],"about":[{"href":"https:\/\/www.bcf-groupe.fr\/sfscmfco2026\/wp-json\/wp\/v2\/types\/page"}],"author":[{"embeddable":true,"href":"https:\/\/www.bcf-groupe.fr\/sfscmfco2026\/wp-json\/wp\/v2\/users\/1"}],"replies":[{"embeddable":true,"href":"https:\/\/www.bcf-groupe.fr\/sfscmfco2026\/wp-json\/wp\/v2\/comments?post=35"}],"version-history":[{"count":11,"href":"https:\/\/www.bcf-groupe.fr\/sfscmfco2026\/wp-json\/wp\/v2\/pages\/35\/revisions"}],"predecessor-version":[{"id":115,"href":"https:\/\/www.bcf-groupe.fr\/sfscmfco2026\/wp-json\/wp\/v2\/pages\/35\/revisions\/115"}],"wp:attachment":[{"href":"https:\/\/www.bcf-groupe.fr\/sfscmfco2026\/wp-json\/wp\/v2\/media?parent=35"}],"curies":[{"name":"wp","href":"https:\/\/api.w.org\/{rel}","templated":true}]}}